{"id":1093,"date":"2025-05-20T18:45:24","date_gmt":"2025-05-20T16:45:24","guid":{"rendered":"https:\/\/www.fcm-invest.lu\/?page_id=1093"},"modified":"2025-05-20T18:45:24","modified_gmt":"2025-05-20T16:45:24","slug":"sfdr-pflichtangaben-fuer-fcm-select-gp-s-a-r-l","status":"publish","type":"page","link":"https:\/\/www.fcm-invest.lu\/de\/sfdr-pflichtangaben-fuer-fcm-select-gp-s-a-r-l\/","title":{"rendered":"SFDR-Pflichtangaben f\u00fcr FCM Select GP S.\u00e0 r.l."},"content":{"rendered":"\n<style type=\"text\/css\" data-created_by=\"avia_inline_auto\" id=\"style-css-av-lsafx1no-b1be2c7cc29852948d12e0a8c1c83c1b\">\n.avia-section.av-lsafx1no-b1be2c7cc29852948d12e0a8c1c83c1b{\nbackground-color:#fcf9f5;\nbackground-image:unset;\n}\n<\/style>\n<div id='av_section_1'  class='avia-section av-lsafx1no-b1be2c7cc29852948d12e0a8c1c83c1b main_color avia-section-large avia-no-border-styling  avia-builder-el-0  avia-builder-el-no-sibling  avia-bg-style-scroll container_wrap fullsize'  ><div class='container av-section-cont-open' ><main  role=\"main\" itemprop=\"mainContentOfPage\"  class='template-page content  av-content-full alpha units'><div class='post-entry post-entry-type-page post-entry-1093'><div class='entry-content-wrapper clearfix'>\n<div class='flex_column_table av-lsafxpuv-f4dad172d8259831d1babeaf7732940b sc-av_one_full av-equal-height-column-flextable'>\n<style type=\"text\/css\" data-created_by=\"avia_inline_auto\" id=\"style-css-av-lsafxpuv-f4dad172d8259831d1babeaf7732940b\">\n#top .flex_column_table.av-equal-height-column-flextable.av-lsafxpuv-f4dad172d8259831d1babeaf7732940b{\nmargin-top:0px;\nmargin-bottom:0px;\n}\n\n@media only screen and (min-width: 990px){ \n.flex_column.av-lsafxpuv-f4dad172d8259831d1babeaf7732940b{\npadding:0 3.5% 0 10%;\n}\n}\n<\/style>\n<div  class='flex_column av-lsafxpuv-f4dad172d8259831d1babeaf7732940b av_one_full  avia-builder-el-1  avia-builder-el-no-sibling  first no_margin flex_column_table_cell av-equal-height-column av-align-top  '     ><p>\n<style type=\"text\/css\" data-created_by=\"avia_inline_auto\" id=\"style-css-av-lt40n4b3-534c10d0bf5408ddbb93f06cb78834c1\">\n#top .av-special-heading.av-lt40n4b3-534c10d0bf5408ddbb93f06cb78834c1{\npadding-bottom:1em;\n}\nbody .av-special-heading.av-lt40n4b3-534c10d0bf5408ddbb93f06cb78834c1 .av-special-heading-tag .heading-char{\nfont-size:25px;\n}\n.av-special-heading.av-lt40n4b3-534c10d0bf5408ddbb93f06cb78834c1 .av-subheading{\nfont-size:15px;\n}\n\n@media only screen and (min-width: 990px){ \n#top .av-special-heading.av-lt40n4b3-534c10d0bf5408ddbb93f06cb78834c1{\nmargin:25px 0 0 0;\n}\n#top #wrap_all .av-special-heading.av-lt40n4b3-534c10d0bf5408ddbb93f06cb78834c1 .av-special-heading-tag{\nfont-size:26px;\n}\n}\n<\/style>\n<div  class='av-special-heading av-lt40n4b3-534c10d0bf5408ddbb93f06cb78834c1 av-special-heading-h2 blockquote modern-quote  avia-builder-el-2  el_before_av_textblock  avia-builder-el-first '><h2 class='av-special-heading-tag '  itemprop=\"headline\"  >Offenlegungen der FCM Select GP S.\u00e0 r.l. gem\u00e4\u00df der Verordnung (EU) 2019\/2088<\/h2><div class='av-subheading av-subheading_below'><p>Ver\u00f6ffentlicht: 15. Mai 2025<\/p>\n<\/div><div class=\"special-heading-border\"><div class=\"special-heading-inner-border\"><\/div><\/div><\/div><br \/>\n<section  class='av_textblock_section av-lt40k1uv-b08a2966f2af2cfa73a69fb9c718f3c8 '   itemscope=\"itemscope\" itemtype=\"https:\/\/schema.org\/CreativeWork\" ><div class='avia_textblock'  itemprop=\"text\" ><p>Die FCM Select GP S.\u00e0 r.l., LEI: 529900VIURSV8C6HDQ53\u00a0ist ein Verwalter alternativer Investmentfonds im Sinne des Luxemburger Gesetz vom 12.\u00a0Juli 2013 \u00fcber die Verwalter alternativer Investmentfonds (\u201e<strong>AIFM-Gesetz<\/strong>\u201c) und ver\u00f6ffentlicht als solcher die folgenden Informationen \u00fcber die Ber\u00fccksichtigung nachhaltigkeitsbezogener Aspekte gem\u00e4\u00df der Verordnung (EU)\u00a02019\/2088 des Europ\u00e4ischen Parlaments und des Rates vom 27.\u00a0November 2019 \u00fcber nachhaltigkeitsbezogene Offenlegungspflichten im Finanzdienstleistungssektor (\u201e<strong>SFDR<\/strong>\u201c).<\/p>\n<h3>Artikel\u00a03 SFDR \u2013 Erkl\u00e4rung zu den Grunds\u00e4tzen f\u00fcr Nachhaltigkeitsrisiken<\/h3>\n<p>Die FCM Select GP S.\u00e0 r.l. ber\u00fccksichtigt Nachhaltigkeitsrisiken im Investitionsentscheidungsprozess, soweit dies relevant ist. &#8222;Nachhaltigkeitsrisiko&#8220; ist ein Ereignis oder eine Bedingung in den Bereichen Umwelt, Soziales oder Unternehmensf\u00fchrung, dessen beziehungsweise deren Eintreten tats\u00e4chlich oder potenziell wesentliche negative Auswirkungen auf den Wert der Investition haben k\u00f6nnte.<\/p>\n<p>W\u00e4hrend der Due-Diligence-Pr\u00fcfung potenzieller Investitionen f\u00fchrt die FCM Select GP S.\u00e0 r.l. eine sorgf\u00e4ltige Analyse der Anf\u00e4lligkeit der Investition f\u00fcr Umwelt-, Sozial- und Governance-Risiken, die sich auf ihren Wert auswirken k\u00f6nnten, durch. Wenn die FCM Select GP S.\u00e0 r.l. w\u00e4hrend der Due-Diligence-Pr\u00fcfung potenzieller Investitionen ein Nachhaltigkeitsrisiko feststellt, entscheidet die FCM Select GP S.\u00e0 r.l. unter Ber\u00fccksichtigung der spezifischen Situation und des Verh\u00e4ltnism\u00e4\u00dfigkeitsprinzips, ob es die Investition aufgibt oder die Investition zusammen mit geeigneten Ma\u00dfnahmen zur Minderung des entsprechenden Nachhaltigkeitsrisikos fortsetzt.<\/p>\n<p>Die FCM Select GP S.\u00e0 r.l. \u00fcberpr\u00fcft diese Strategie regelm\u00e4\u00dfig, um sicherzustellen, dass sie neuen und aufkommenden Risiken sowie den Anliegen der Investoren Rechnung tragen.<\/p>\n<h3>Artikel\u00a04 SFDR \u2013 Keine Ber\u00fccksichtigung nachteiliger Auswirkungen der Investitionsentscheidungen auf Nachhaltigkeitsfaktoren<\/h3>\n<p>Die FCM Select GP S.\u00e0 r.l. ber\u00fccksichtigt keine wesentlichen nachteiligen Auswirkungen (\u201e<strong>PAI<\/strong>\u201c) von Investitionsentscheidungen auf Nachhaltigkeitsfaktoren. &#8222;Nachhaltigkeitsfaktoren&#8220; sind Umwelt-, Sozial- und Arbeitnehmerbelange, die Achtung der Menschenrechte und die Bek\u00e4mpfung von Korruption und Bestechung.<\/p>\n<p>Der standardisierte Katalog der PAI-Indikatoren (\u201e<strong>PAII<\/strong>\u201c), der in Anhang\u00a0I der im Rahmen der SFDR herausgegebenen technischen Regulierungsstandards enthalten ist, ist nicht auf die spezifischen Bed\u00fcrfnisse der Anlagestrategie der FCM Select GP S.\u00e0 r.l. zugeschnitten.<\/p>\n<p>Viele Zielfonds und Portfoliounternehmen erfassen PAIIs weder systematisch, noch sind sie rechtlich dazu verpflichtet. Zudem fehlen ihnen h\u00e4ufig die internen Ressourcen, um eine solche Berichterstattung umzusetzen.<\/p>\n<p>Daher reichen die verf\u00fcgbaren Daten im Allgemeinen nicht f\u00fcr eine aussagekr\u00e4ftige PAI-Analyse aus, und wenn Daten verf\u00fcgbar sind, bieten sie in der Regel wenig Vergleichbarkeit und liefern keine zus\u00e4tzlichen Erkenntnisse f\u00fcr die FCM Select GP S.\u00e0 r.l. Daher erh\u00f6ht die Erfassung von Daten zu PAII nicht nur den Verwaltungsaufwand und die Kosten, sondern bietet auch keine neue Perspektive f\u00fcr die FCM Select GP S.\u00e0 r.l.<\/p>\n<p>Die FCM Select GP S.\u00e0 r.l. ist grunds\u00e4tzlich offen daf\u00fcr, k\u00fcnftig PAI zu ber\u00fccksichtigen, sofern sich zeigt, dass dies die M\u00f6glichkeiten deutlich verbessern w\u00fcrde, potenzielle nachteilige Auswirkungen ihrer Investitionen zu erkennen und zu mindern \u2013 und dies gleichzeitig mit einer effizienten und kosteneffektiven Betriebsf\u00fchrung vereinbar ist.<\/p>\n<h3>Artikel\u00a05 SFDR \u2013 Offenlegung der Verg\u00fctung<\/h3>\n<p>Als registrierter Verwalter alternativer Investmentfonds im Sinne des AIFM-Gesetzes verf\u00fcgt die FCM Select GP S.\u00e0 r.l. nicht \u00fcber eine Verg\u00fctungsrichtlinie oder -politik und muss gem\u00e4\u00df den Anforderungen des AIFM-Gesetzes auch nicht \u00fcber eine solche verf\u00fcgen. Nachhaltigkeitsrisiken werden bei der Festlegung der Verg\u00fctung nicht ber\u00fccksichtigt.<\/p>\n<\/div><\/section><\/p><\/div><\/div><!--close column table wrapper. Autoclose: 1 -->\n","protected":false},"excerpt":{"rendered":"","protected":false},"author":1,"featured_media":0,"parent":0,"menu_order":0,"comment_status":"closed","ping_status":"closed","template":"","meta":{"footnotes":""},"class_list":["post-1093","page","type-page","status-publish","hentry"],"yoast_head":"<!-- This site is optimized with the Yoast SEO plugin v27.4 - https:\/\/yoast.com\/product\/yoast-seo-wordpress\/ -->\n<title>FCM \u2013 Private Markets-Investor<\/title>\n<meta name=\"robots\" content=\"index, follow, max-snippet:-1, max-image-preview:large, max-video-preview:-1\" \/>\n<link rel=\"canonical\" href=\"https:\/\/www.fcm-invest.lu\/de\/sfdr-pflichtangaben-fuer-fcm-select-gp-s-a-r-l\/\" \/>\n<meta property=\"og:locale\" content=\"de_DE\" \/>\n<meta property=\"og:type\" content=\"article\" \/>\n<meta property=\"og:title\" content=\"FCM \u2013 Private Markets-Investor\" \/>\n<meta property=\"og:url\" content=\"https:\/\/www.fcm-invest.lu\/de\/sfdr-pflichtangaben-fuer-fcm-select-gp-s-a-r-l\/\" \/>\n<meta property=\"og:site_name\" content=\"FCM \u2013 Private Markets-Investor\" \/>\n<meta name=\"twitter:card\" content=\"summary_large_image\" \/>\n<meta name=\"twitter:label1\" content=\"Gesch\u00e4tzte Lesezeit\" \/>\n\t<meta name=\"twitter:data1\" content=\"3\u00a0Minuten\" \/>\n<script type=\"application\/ld+json\" class=\"yoast-schema-graph\">{\"@context\":\"https:\\\/\\\/schema.org\",\"@graph\":[{\"@type\":\"WebPage\",\"@id\":\"https:\\\/\\\/www.fcm-invest.lu\\\/de\\\/sfdr-pflichtangaben-fuer-fcm-select-gp-s-a-r-l\\\/\",\"url\":\"https:\\\/\\\/www.fcm-invest.lu\\\/de\\\/sfdr-pflichtangaben-fuer-fcm-select-gp-s-a-r-l\\\/\",\"name\":\"FCM \u2013 Private Markets-Investor\",\"isPartOf\":{\"@id\":\"https:\\\/\\\/www.fcm-invest.lu\\\/#website\"},\"datePublished\":\"2025-05-20T16:45:24+00:00\",\"breadcrumb\":{\"@id\":\"https:\\\/\\\/www.fcm-invest.lu\\\/de\\\/sfdr-pflichtangaben-fuer-fcm-select-gp-s-a-r-l\\\/#breadcrumb\"},\"inLanguage\":\"de\",\"potentialAction\":[{\"@type\":\"ReadAction\",\"target\":[\"https:\\\/\\\/www.fcm-invest.lu\\\/de\\\/sfdr-pflichtangaben-fuer-fcm-select-gp-s-a-r-l\\\/\"]}]},{\"@type\":\"BreadcrumbList\",\"@id\":\"https:\\\/\\\/www.fcm-invest.lu\\\/de\\\/sfdr-pflichtangaben-fuer-fcm-select-gp-s-a-r-l\\\/#breadcrumb\",\"itemListElement\":[{\"@type\":\"ListItem\",\"position\":1,\"name\":\"Home\",\"item\":\"https:\\\/\\\/www.fcm-invest.lu\\\/de\\\/\"},{\"@type\":\"ListItem\",\"position\":2,\"name\":\"SFDR-Pflichtangaben f\u00fcr FCM Select GP S.\u00e0 r.l.\"}]},{\"@type\":\"WebSite\",\"@id\":\"https:\\\/\\\/www.fcm-invest.lu\\\/#website\",\"url\":\"https:\\\/\\\/www.fcm-invest.lu\\\/\",\"name\":\"FCM \u2013 Private Markets-Investor\",\"description\":\"\",\"potentialAction\":[{\"@type\":\"SearchAction\",\"target\":{\"@type\":\"EntryPoint\",\"urlTemplate\":\"https:\\\/\\\/www.fcm-invest.lu\\\/?s={search_term_string}\"},\"query-input\":{\"@type\":\"PropertyValueSpecification\",\"valueRequired\":true,\"valueName\":\"search_term_string\"}}],\"inLanguage\":\"de\"}]}<\/script>\n<!-- \/ Yoast SEO plugin. -->","yoast_head_json":{"title":"FCM \u2013 Private Markets-Investor","robots":{"index":"index","follow":"follow","max-snippet":"max-snippet:-1","max-image-preview":"max-image-preview:large","max-video-preview":"max-video-preview:-1"},"canonical":"https:\/\/www.fcm-invest.lu\/de\/sfdr-pflichtangaben-fuer-fcm-select-gp-s-a-r-l\/","og_locale":"de_DE","og_type":"article","og_title":"FCM \u2013 Private Markets-Investor","og_url":"https:\/\/www.fcm-invest.lu\/de\/sfdr-pflichtangaben-fuer-fcm-select-gp-s-a-r-l\/","og_site_name":"FCM \u2013 Private Markets-Investor","twitter_card":"summary_large_image","twitter_misc":{"Gesch\u00e4tzte Lesezeit":"3\u00a0Minuten"},"schema":{"@context":"https:\/\/schema.org","@graph":[{"@type":"WebPage","@id":"https:\/\/www.fcm-invest.lu\/de\/sfdr-pflichtangaben-fuer-fcm-select-gp-s-a-r-l\/","url":"https:\/\/www.fcm-invest.lu\/de\/sfdr-pflichtangaben-fuer-fcm-select-gp-s-a-r-l\/","name":"FCM \u2013 Private Markets-Investor","isPartOf":{"@id":"https:\/\/www.fcm-invest.lu\/#website"},"datePublished":"2025-05-20T16:45:24+00:00","breadcrumb":{"@id":"https:\/\/www.fcm-invest.lu\/de\/sfdr-pflichtangaben-fuer-fcm-select-gp-s-a-r-l\/#breadcrumb"},"inLanguage":"de","potentialAction":[{"@type":"ReadAction","target":["https:\/\/www.fcm-invest.lu\/de\/sfdr-pflichtangaben-fuer-fcm-select-gp-s-a-r-l\/"]}]},{"@type":"BreadcrumbList","@id":"https:\/\/www.fcm-invest.lu\/de\/sfdr-pflichtangaben-fuer-fcm-select-gp-s-a-r-l\/#breadcrumb","itemListElement":[{"@type":"ListItem","position":1,"name":"Home","item":"https:\/\/www.fcm-invest.lu\/de\/"},{"@type":"ListItem","position":2,"name":"SFDR-Pflichtangaben f\u00fcr FCM Select GP S.\u00e0 r.l."}]},{"@type":"WebSite","@id":"https:\/\/www.fcm-invest.lu\/#website","url":"https:\/\/www.fcm-invest.lu\/","name":"FCM \u2013 Private Markets-Investor","description":"","potentialAction":[{"@type":"SearchAction","target":{"@type":"EntryPoint","urlTemplate":"https:\/\/www.fcm-invest.lu\/?s={search_term_string}"},"query-input":{"@type":"PropertyValueSpecification","valueRequired":true,"valueName":"search_term_string"}}],"inLanguage":"de"}]}},"_links":{"self":[{"href":"https:\/\/www.fcm-invest.lu\/de\/wp-json\/wp\/v2\/pages\/1093","targetHints":{"allow":["GET"]}}],"collection":[{"href":"https:\/\/www.fcm-invest.lu\/de\/wp-json\/wp\/v2\/pages"}],"about":[{"href":"https:\/\/www.fcm-invest.lu\/de\/wp-json\/wp\/v2\/types\/page"}],"author":[{"embeddable":true,"href":"https:\/\/www.fcm-invest.lu\/de\/wp-json\/wp\/v2\/users\/1"}],"replies":[{"embeddable":true,"href":"https:\/\/www.fcm-invest.lu\/de\/wp-json\/wp\/v2\/comments?post=1093"}],"version-history":[{"count":0,"href":"https:\/\/www.fcm-invest.lu\/de\/wp-json\/wp\/v2\/pages\/1093\/revisions"}],"wp:attachment":[{"href":"https:\/\/www.fcm-invest.lu\/de\/wp-json\/wp\/v2\/media?parent=1093"}],"curies":[{"name":"wp","href":"https:\/\/api.w.org\/{rel}","templated":true}]}}